{"id":228484,"date":"2026-02-10T16:31:51","date_gmt":"2026-02-10T15:31:51","guid":{"rendered":"https:\/\/www.magiedenoel.net\/FR\/?page_id=228484"},"modified":"2026-02-12T12:23:21","modified_gmt":"2026-02-12T11:23:21","slug":"ou-trouver-vos-plus-belles-decos","status":"publish","type":"page","link":"https:\/\/www.magiedenoel.net\/FR\/ou-trouver-vos-plus-belles-decos\/","title":{"rendered":"Ou trouver vos plus belles d\u00e9cos ?"},"content":{"rendered":"\t\t<div data-elementor-type=\"wp-page\" data-elementor-id=\"228484\" class=\"elementor elementor-228484\" data-elementor-settings=\"{&quot;element_pack_global_tooltip_width&quot;:{&quot;unit&quot;:&quot;px&quot;,&quot;size&quot;:&quot;&quot;,&quot;sizes&quot;:[]},&quot;element_pack_global_tooltip_width_tablet&quot;:{&quot;unit&quot;:&quot;px&quot;,&quot;size&quot;:&quot;&quot;,&quot;sizes&quot;:[]},&quot;element_pack_global_tooltip_width_mobile&quot;:{&quot;unit&quot;:&quot;px&quot;,&quot;size&quot;:&quot;&quot;,&quot;sizes&quot;:[]},&quot;element_pack_global_tooltip_padding&quot;:{&quot;unit&quot;:&quot;px&quot;,&quot;top&quot;:&quot;&quot;,&quot;right&quot;:&quot;&quot;,&quot;bottom&quot;:&quot;&quot;,&quot;left&quot;:&quot;&quot;,&quot;isLinked&quot;:true},&quot;element_pack_global_tooltip_padding_tablet&quot;:{&quot;unit&quot;:&quot;px&quot;,&quot;top&quot;:&quot;&quot;,&quot;right&quot;:&quot;&quot;,&quot;bottom&quot;:&quot;&quot;,&quot;left&quot;:&quot;&quot;,&quot;isLinked&quot;:true},&quot;element_pack_global_tooltip_padding_mobile&quot;:{&quot;unit&quot;:&quot;px&quot;,&quot;top&quot;:&quot;&quot;,&quot;right&quot;:&quot;&quot;,&quot;bottom&quot;:&quot;&quot;,&quot;left&quot;:&quot;&quot;,&quot;isLinked&quot;:true},&quot;element_pack_global_tooltip_border_radius&quot;:{&quot;unit&quot;:&quot;px&quot;,&quot;top&quot;:&quot;&quot;,&quot;right&quot;:&quot;&quot;,&quot;bottom&quot;:&quot;&quot;,&quot;left&quot;:&quot;&quot;,&quot;isLinked&quot;:true},&quot;element_pack_global_tooltip_border_radius_tablet&quot;:{&quot;unit&quot;:&quot;px&quot;,&quot;top&quot;:&quot;&quot;,&quot;right&quot;:&quot;&quot;,&quot;bottom&quot;:&quot;&quot;,&quot;left&quot;:&quot;&quot;,&quot;isLinked&quot;:true},&quot;element_pack_global_tooltip_border_radius_mobile&quot;:{&quot;unit&quot;:&quot;px&quot;,&quot;top&quot;:&quot;&quot;,&quot;right&quot;:&quot;&quot;,&quot;bottom&quot;:&quot;&quot;,&quot;left&quot;:&quot;&quot;,&quot;isLinked&quot;:true}}\" data-elementor-post-type=\"page\">\n\t\t\t\t<div class=\"elementor-element elementor-element-f973425 e-flex e-con-boxed e-con e-parent\" data-id=\"f973425\" data-element_type=\"container\" data-e-type=\"container\">\n\t\t\t\t\t<div class=\"e-con-inner\">\n\t\t\t\t<div class=\"elementor-element elementor-element-2f2ae48 exad-glass-effect-no elementor-widget elementor-widget-image\" data-id=\"2f2ae48\" data-element_type=\"widget\" data-e-type=\"widget\" data-widget_type=\"image.default\">\n\t\t\t\t\t\t\t\t\t\t\t\t\t\t\t<img decoding=\"async\" width=\"300\" height=\"68\" src=\"https:\/\/www.magiedenoel.net\/FR\/wp-content\/uploads\/2026\/02\/lumiere1-300x68.png\" class=\"attachment-medium size-medium wp-image-227614\" alt=\"\" srcset=\"https:\/\/www.magiedenoel.net\/FR\/wp-content\/uploads\/2026\/02\/lumiere1-300x68.png 300w, https:\/\/www.magiedenoel.net\/FR\/wp-content\/uploads\/2026\/02\/lumiere1-768x174.png 768w, https:\/\/www.magiedenoel.net\/FR\/wp-content\/uploads\/2026\/02\/lumiere1-650x147.png 650w, https:\/\/www.magiedenoel.net\/FR\/wp-content\/uploads\/2026\/02\/lumiere1.png 800w\" sizes=\"(max-width: 300px) 100vw, 300px\" \/>\t\t\t\t\t\t\t\t\t\t\t\t\t\t\t<\/div>\n\t\t\t\t\t<\/div>\n\t\t\t\t<\/div>\n\t\t<div class=\"elementor-element elementor-element-42425e9 e-flex e-con-boxed e-con e-parent\" data-id=\"42425e9\" data-element_type=\"container\" data-e-type=\"container\">\n\t\t\t\t\t<div class=\"e-con-inner\">\n\t\t<div class=\"elementor-element elementor-element-d4ec0b4 e-con-full e-flex e-con e-child\" data-id=\"d4ec0b4\" data-element_type=\"container\" data-e-type=\"container\">\n\t\t\t\t<div class=\"elementor-element elementor-element-5bb5309 exad-glass-effect-no elementor-widget elementor-widget-bdt-advanced-heading\" data-id=\"5bb5309\" data-element_type=\"widget\" data-e-type=\"widget\" data-widget_type=\"bdt-advanced-heading.default\">\n\t\t\t\t\t<div id =\"5bb5309\" class=\"bdt-ep-advanced-heading\" data-settings=\"{&quot;titleMultiColor&quot;:&quot;no&quot;}\"><h4 class=\"bdt-ep-advanced-heading-title\"><span class=\"bdt-ep-advanced-heading-main-title\"><span class=\"bdt-ep-advanced-heading-main-title-inner\">Luminaires de No\u00ebl\n<\/span><\/span><\/h4><\/div>\t\t\t\t<\/div>\n\t\t\t\t<\/div>\n\t\t<div class=\"elementor-element elementor-element-a8601b6 e-con-full e-flex e-con e-child\" data-id=\"a8601b6\" data-element_type=\"container\" data-e-type=\"container\">\n\t\t\t\t<div class=\"elementor-element elementor-element-bc734ee exad-glass-effect-no elementor-widget elementor-widget-bdt-advanced-heading\" data-id=\"bc734ee\" data-element_type=\"widget\" data-e-type=\"widget\" data-widget_type=\"bdt-advanced-heading.default\">\n\t\t\t\t\t<div id =\"bc734ee\" class=\"bdt-ep-advanced-heading\" data-settings=\"{&quot;titleMultiColor&quot;:&quot;no&quot;}\"><h4 class=\"bdt-ep-advanced-heading-title\"><span class=\"bdt-ep-advanced-heading-main-title\"><span class=\"bdt-ep-advanced-heading-main-title-inner\">Sapins de No\u00ebl\n<\/span><\/span><\/h4><\/div>\t\t\t\t<\/div>\n\t\t\t\t<\/div>\n\t\t<div class=\"elementor-element elementor-element-cc163de e-con-full e-flex e-con e-child\" data-id=\"cc163de\" data-element_type=\"container\" data-e-type=\"container\">\n\t\t\t\t<div class=\"elementor-element elementor-element-a647fe9 exad-glass-effect-no elementor-widget elementor-widget-image\" data-id=\"a647fe9\" data-element_type=\"widget\" data-e-type=\"widget\" data-widget_type=\"image.default\">\n\t\t\t\t\t\t\t\t\t\t\t\t\t\t\t\t<a href=\"https:\/\/www.magiedenoel.net\/FR\/index.php\/luminaires-de-noel\/\">\n\t\t\t\t\t\t\t<img fetchpriority=\"high\" decoding=\"async\" width=\"300\" height=\"300\" src=\"https:\/\/www.magiedenoel.net\/FR\/wp-content\/uploads\/2026\/02\/luminaires-300x300.png\" class=\"attachment-medium size-medium wp-image-228613\" alt=\"\" srcset=\"https:\/\/www.magiedenoel.net\/FR\/wp-content\/uploads\/2026\/02\/luminaires-300x300.png 300w, https:\/\/www.magiedenoel.net\/FR\/wp-content\/uploads\/2026\/02\/luminaires-150x150.png 150w, https:\/\/www.magiedenoel.net\/FR\/wp-content\/uploads\/2026\/02\/luminaires-250x250.png 250w, https:\/\/www.magiedenoel.net\/FR\/wp-content\/uploads\/2026\/02\/luminaires-480x480.png 480w, https:\/\/www.magiedenoel.net\/FR\/wp-content\/uploads\/2026\/02\/luminaires.png 512w\" sizes=\"(max-width: 300px) 100vw, 300px\" \/>\t\t\t\t\t\t\t\t<\/a>\n\t\t\t\t\t\t\t\t\t\t\t\t\t\t\t<\/div>\n\t\t\t\t<\/div>\n\t\t<div class=\"elementor-element elementor-element-e272797 e-con-full e-flex e-con e-child\" data-id=\"e272797\" data-element_type=\"container\" data-e-type=\"container\">\n\t\t\t\t<div class=\"elementor-element elementor-element-6f99c98 exad-glass-effect-no elementor-widget elementor-widget-image\" data-id=\"6f99c98\" data-element_type=\"widget\" data-e-type=\"widget\" data-widget_type=\"image.default\">\n\t\t\t\t\t\t\t\t\t\t\t\t\t\t\t\t<a href=\"https:\/\/www.magiedenoel.net\/FR\/index.php\/sapins-de-noel\/\">\n\t\t\t\t\t\t\t<img decoding=\"async\" width=\"300\" height=\"300\" src=\"https:\/\/www.magiedenoel.net\/FR\/wp-content\/uploads\/2026\/02\/sapin2-300x300.png\" class=\"attachment-medium size-medium wp-image-228614\" alt=\"\" srcset=\"https:\/\/www.magiedenoel.net\/FR\/wp-content\/uploads\/2026\/02\/sapin2-300x300.png 300w, https:\/\/www.magiedenoel.net\/FR\/wp-content\/uploads\/2026\/02\/sapin2-150x150.png 150w, https:\/\/www.magiedenoel.net\/FR\/wp-content\/uploads\/2026\/02\/sapin2-250x250.png 250w, https:\/\/www.magiedenoel.net\/FR\/wp-content\/uploads\/2026\/02\/sapin2-480x480.png 480w, https:\/\/www.magiedenoel.net\/FR\/wp-content\/uploads\/2026\/02\/sapin2.png 512w\" sizes=\"(max-width: 300px) 100vw, 300px\" \/>\t\t\t\t\t\t\t\t<\/a>\n\t\t\t\t\t\t\t\t\t\t\t\t\t\t\t<\/div>\n\t\t\t\t<\/div>\n\t\t\t\t\t<\/div>\n\t\t\t\t<\/div>\n\t\t<div class=\"elementor-element elementor-element-5f6c91d e-flex e-con-boxed e-con e-parent\" data-id=\"5f6c91d\" data-element_type=\"container\" data-e-type=\"container\">\n\t\t\t\t\t<div class=\"e-con-inner\">\n\t\t\t\t<div class=\"elementor-element elementor-element-dec4689 exad-glass-effect-no elementor-widget elementor-widget-spacer\" data-id=\"dec4689\" data-element_type=\"widget\" data-e-type=\"widget\" data-widget_type=\"spacer.default\">\n\t\t\t\t\t\t\t<div class=\"elementor-spacer\">\n\t\t\t<div class=\"elementor-spacer-inner\"><\/div>\n\t\t<\/div>\n\t\t\t\t\t\t<\/div>\n\t\t\t\t\t<\/div>\n\t\t\t\t<\/div>\n\t\t<div class=\"elementor-element elementor-element-7db1e2e e-flex e-con-boxed e-con e-parent\" data-id=\"7db1e2e\" data-element_type=\"container\" data-e-type=\"container\">\n\t\t\t\t\t<div class=\"e-con-inner\">\n\t\t<div class=\"elementor-element elementor-element-5e98272 e-con-full e-flex e-con e-child\" data-id=\"5e98272\" data-element_type=\"container\" data-e-type=\"container\">\n\t\t\t\t<div class=\"elementor-element elementor-element-2ec23c2 exad-glass-effect-no elementor-widget elementor-widget-bdt-advanced-heading\" data-id=\"2ec23c2\" data-element_type=\"widget\" data-e-type=\"widget\" data-widget_type=\"bdt-advanced-heading.default\">\n\t\t\t\t\t<div id =\"2ec23c2\" class=\"bdt-ep-advanced-heading\" data-settings=\"{&quot;titleMultiColor&quot;:&quot;no&quot;}\"><h4 class=\"bdt-ep-advanced-heading-title\"><span class=\"bdt-ep-advanced-heading-main-title\"><span class=\"bdt-ep-advanced-heading-main-title-inner\">D\u00e9cos de No\u00ebl en France<\/span><\/span><\/h4><\/div>\t\t\t\t<\/div>\n\t\t\t\t<\/div>\n\t\t<div class=\"elementor-element elementor-element-5b17769 e-con-full e-flex e-con e-child\" data-id=\"5b17769\" data-element_type=\"container\" data-e-type=\"container\">\n\t\t\t\t<div class=\"elementor-element elementor-element-148e044 exad-glass-effect-no elementor-widget elementor-widget-bdt-advanced-heading\" data-id=\"148e044\" data-element_type=\"widget\" data-e-type=\"widget\" data-widget_type=\"bdt-advanced-heading.default\">\n\t\t\t\t\t<div id =\"148e044\" class=\"bdt-ep-advanced-heading\" data-settings=\"{&quot;titleMultiColor&quot;:&quot;no&quot;}\"><h4 class=\"bdt-ep-advanced-heading-title\"><span class=\"bdt-ep-advanced-heading-main-title\"><span class=\"bdt-ep-advanced-heading-main-title-inner\">D\u00e9cos de No\u00ebl en Belgique<\/span><\/span><\/h4><\/div>\t\t\t\t<\/div>\n\t\t\t\t<\/div>\n\t\t<div class=\"elementor-element elementor-element-ea88820 e-con-full e-flex e-con e-child\" data-id=\"ea88820\" data-element_type=\"container\" data-e-type=\"container\">\n\t\t\t\t<div class=\"elementor-element elementor-element-b50de89 exad-glass-effect-no elementor-widget elementor-widget-image\" data-id=\"b50de89\" data-element_type=\"widget\" data-e-type=\"widget\" data-widget_type=\"image.default\">\n\t\t\t\t\t\t\t\t\t\t\t\t\t\t\t\t<a href=\"https:\/\/www.magiedenoel.net\/FR\/index.php\/decorations-de-noel-en-france\/\">\n\t\t\t\t\t\t\t<img loading=\"lazy\" decoding=\"async\" width=\"300\" height=\"300\" src=\"https:\/\/www.magiedenoel.net\/FR\/wp-content\/uploads\/2026\/02\/france-300x300.png\" class=\"attachment-medium size-medium wp-image-228615\" alt=\"\" srcset=\"https:\/\/www.magiedenoel.net\/FR\/wp-content\/uploads\/2026\/02\/france-300x300.png 300w, https:\/\/www.magiedenoel.net\/FR\/wp-content\/uploads\/2026\/02\/france-150x150.png 150w, https:\/\/www.magiedenoel.net\/FR\/wp-content\/uploads\/2026\/02\/france-250x250.png 250w, https:\/\/www.magiedenoel.net\/FR\/wp-content\/uploads\/2026\/02\/france-480x480.png 480w, https:\/\/www.magiedenoel.net\/FR\/wp-content\/uploads\/2026\/02\/france.png 512w\" sizes=\"(max-width: 300px) 100vw, 300px\" \/>\t\t\t\t\t\t\t\t<\/a>\n\t\t\t\t\t\t\t\t\t\t\t\t\t\t\t<\/div>\n\t\t\t\t<\/div>\n\t\t<div class=\"elementor-element elementor-element-bd7aace e-con-full e-flex e-con e-child\" data-id=\"bd7aace\" data-element_type=\"container\" data-e-type=\"container\">\n\t\t\t\t<div class=\"elementor-element elementor-element-1908853 exad-glass-effect-no elementor-widget elementor-widget-image\" data-id=\"1908853\" data-element_type=\"widget\" data-e-type=\"widget\" data-widget_type=\"image.default\">\n\t\t\t\t\t\t\t\t\t\t\t\t\t\t\t\t<a href=\"https:\/\/www.magiedenoel.net\/FR\/index.php\/decorations-de-noel-en-belgique\/\">\n\t\t\t\t\t\t\t<img loading=\"lazy\" decoding=\"async\" width=\"300\" height=\"300\" src=\"https:\/\/www.magiedenoel.net\/FR\/wp-content\/uploads\/2026\/02\/belgique-300x300.png\" class=\"attachment-medium size-medium wp-image-228616\" alt=\"\" srcset=\"https:\/\/www.magiedenoel.net\/FR\/wp-content\/uploads\/2026\/02\/belgique-300x300.png 300w, https:\/\/www.magiedenoel.net\/FR\/wp-content\/uploads\/2026\/02\/belgique-150x150.png 150w, https:\/\/www.magiedenoel.net\/FR\/wp-content\/uploads\/2026\/02\/belgique-250x250.png 250w, https:\/\/www.magiedenoel.net\/FR\/wp-content\/uploads\/2026\/02\/belgique-480x480.png 480w, https:\/\/www.magiedenoel.net\/FR\/wp-content\/uploads\/2026\/02\/belgique.png 512w\" sizes=\"(max-width: 300px) 100vw, 300px\" \/>\t\t\t\t\t\t\t\t<\/a>\n\t\t\t\t\t\t\t\t\t\t\t\t\t\t\t<\/div>\n\t\t\t\t<\/div>\n\t\t\t\t\t<\/div>\n\t\t\t\t<\/div>\n\t\t\t\t<\/div>\n\t\t","protected":false},"excerpt":{"rendered":"<p>Luminaires de No\u00ebl Sapins de No\u00ebl D\u00e9cos de No\u00ebl en France D\u00e9cos de No\u00ebl en Belgique<\/p>\n","protected":false},"author":1,"featured_media":228608,"parent":0,"menu_order":0,"comment_status":"closed","ping_status":"closed","template":"","meta":{"_acf_changed":false,"rs_blank_template":"","rs_page_bg_color":"","slide_template_v7":"","footnotes":""},"class_list":["post-228484","page","type-page","status-publish","has-post-thumbnail","hentry"],"acf":[],"_links":{"self":[{"href":"https:\/\/www.magiedenoel.net\/FR\/wp-json\/wp\/v2\/pages\/228484","targetHints":{"allow":["GET"]}}],"collection":[{"href":"https:\/\/www.magiedenoel.net\/FR\/wp-json\/wp\/v2\/pages"}],"about":[{"href":"https:\/\/www.magiedenoel.net\/FR\/wp-json\/wp\/v2\/types\/page"}],"author":[{"embeddable":true,"href":"https:\/\/www.magiedenoel.net\/FR\/wp-json\/wp\/v2\/users\/1"}],"replies":[{"embeddable":true,"href":"https:\/\/www.magiedenoel.net\/FR\/wp-json\/wp\/v2\/comments?post=228484"}],"version-history":[{"count":0,"href":"https:\/\/www.magiedenoel.net\/FR\/wp-json\/wp\/v2\/pages\/228484\/revisions"}],"wp:featuredmedia":[{"embeddable":true,"href":"https:\/\/www.magiedenoel.net\/FR\/wp-json\/wp\/v2\/media\/228608"}],"wp:attachment":[{"href":"https:\/\/www.magiedenoel.net\/FR\/wp-json\/wp\/v2\/media?parent=228484"}],"curies":[{"name":"wp","href":"https:\/\/api.w.org\/{rel}","templated":true}]}}